{"id":54,"date":"2014-03-13T16:09:55","date_gmt":"2014-03-13T16:09:55","guid":{"rendered":"http:\/\/splomno.ibip.info\/?page_id=54"},"modified":"2014-07-03T09:47:04","modified_gmt":"2014-07-03T07:47:04","slug":"rejestry-ewidencje-archiwa","status":"publish","type":"page","link":"https:\/\/splomno.ibip.info\/?page_id=54","title":{"rendered":"Rejestry, ewidencje, archiwa"},"content":{"rendered":"<p>REJESTRY, EWIDENCJE, ARCHIWA<br \/>\n\u2022 W szkolne znajduj\u0105 si\u0119 akta:<br \/>\n\u2022 rekrutacji uczni\u00f3w (przyjmowanie uczni\u00f3w do naszej szko\u0142y oraz przeniesienia do innych szk\u00f3\u0142);<br \/>\n\u2022 realizacji obowi\u0105zku szkolnego uczni\u00f3w;<br \/>\n\u2022 ksi\u0119gi ewidencji dzieci oraz ksi\u0119gi uczni\u00f3w;<br \/>\n\u2022 arkusze ocen;<br \/>\n\u2022 dzienniki lekcyjne, dzienniki zaj\u0105\u0107 pozalekcyjnych;<br \/>\n\u2022 ksi\u0119gi inwentarzowe: biblioteki szkolnej oraz \u015brodk\u00f3w trwa\u0142ych szko\u0142y;<br \/>\n\u2022 ksi\u0105\u017cki obiekt\u00f3w szkolnych;<br \/>\n\u2022 ksi\u0105\u017cki kontroli sanitarnej;<br \/>\n\u2022 plany pracy szko\u0142y;<br \/>\n\u2022 pomoc materialna dla uczni\u00f3w;<br \/>\n\u2022 ubezpieczenie uczni\u00f3w;<br \/>\n\u2022 doskonalenie i dokszta\u0142canie nauczycieli;<br \/>\n\u2022 plany oraz przeprowadzane remonty w szkole;<br \/>\n\u2022 organizacja pracy szko\u0142y;<br \/>\n\u2022 protoko\u0142y z posiedze\u0144 rady pedagogicznej;<br \/>\n\u2022 klasyfikowanie i promowanie uczni\u00f3w;<br \/>\n\u2022 zasady wynagradzania pracownik\u00f3w szko\u0142y;<br \/>\n\u2022 regulaminy;<br \/>\n\u2022 akta osobowe pracownik\u00f3w szko\u0142y;<br \/>\n\u2022 ewidencja wycieczek szkolnych;<br \/>\n\u2022 sprawy bie\u017c\u0105ce;<br \/>\n\u2022 r\u00f3\u017cne sprawy pracownicze;<br \/>\n\u2022 dokumentacja z przegl\u0105d\u00f3w (instalacji elektrycznej, kominiarski, stanu technicznego budynk\u00f3w szkolnych, bhp);<br \/>\n\u2022 zestawienia informacji o\u015bwiatowych SIO;<br \/>\n\u2022 dokumentacja zwi\u0105zana z awansem zawodowym nauczycieli;<br \/>\n\u2022 sprawozdawczo\u015b\u0107 statystyczna.<\/p>\n","protected":false},"excerpt":{"rendered":"<p>REJESTRY, EWIDENCJE, ARCHIWA \u2022 W szkolne znajduj\u0105 si\u0119 akta: \u2022 rekrutacji uczni\u00f3w (przyjmowanie uczni\u00f3w do naszej szko\u0142y oraz przeniesienia do innych szk\u00f3\u0142); \u2022 realizacji obowi\u0105zku szkolnego uczni\u00f3w; \u2022 ksi\u0119gi ewidencji dzieci oraz ksi\u0119gi uczni\u00f3w;&#46;&#46;&#46;<\/p>\n","protected":false},"author":2,"featured_media":0,"parent":0,"menu_order":0,"comment_status":"closed","ping_status":"open","template":"","meta":{"_expiration-date-status":"saved","_expiration-date":0,"_expiration-date-type":"","_expiration-date-categories":[],"_expiration-date-options":[]},"_links":{"self":[{"href":"https:\/\/splomno.ibip.info\/index.php?rest_route=\/wp\/v2\/pages\/54"}],"collection":[{"href":"https:\/\/splomno.ibip.info\/index.php?rest_route=\/wp\/v2\/pages"}],"about":[{"href":"https:\/\/splomno.ibip.info\/index.php?rest_route=\/wp\/v2\/types\/page"}],"author":[{"embeddable":true,"href":"https:\/\/splomno.ibip.info\/index.php?rest_route=\/wp\/v2\/users\/2"}],"replies":[{"embeddable":true,"href":"https:\/\/splomno.ibip.info\/index.php?rest_route=%2Fwp%2Fv2%2Fcomments&post=54"}],"version-history":[{"count":2,"href":"https:\/\/splomno.ibip.info\/index.php?rest_route=\/wp\/v2\/pages\/54\/revisions"}],"predecessor-version":[{"id":197,"href":"https:\/\/splomno.ibip.info\/index.php?rest_route=\/wp\/v2\/pages\/54\/revisions\/197"}],"wp:attachment":[{"href":"https:\/\/splomno.ibip.info\/index.php?rest_route=%2Fwp%2Fv2%2Fmedia&parent=54"}],"curies":[{"name":"wp","href":"https:\/\/api.w.org\/{rel}","templated":true}]}}