{"id":42,"date":"2014-03-13T16:09:55","date_gmt":"2014-03-13T16:09:55","guid":{"rendered":"http:\/\/splomno.ibip.info\/?page_id=42"},"modified":"2023-11-21T07:39:19","modified_gmt":"2023-11-21T06:39:19","slug":"kadra","status":"publish","type":"page","link":"https:\/\/splomno.ibip.info\/?page_id=42","title":{"rendered":"Kadra"},"content":{"rendered":"<p><strong>Kadra Publicznej Szko\u0142y Podstawowej w \u0141omnie<\/strong><\/p>\n<p style=\"margin: 0cm; line-height: 150%;\"><strong>Kadra nauczycielska<\/strong><br \/>\n1. Joanna Lata\u0142a &#8211; dyrektor szko\u0142y, matematyka, plastyka, technika<br \/>\n2. Barbara Bry\u0142a &#8211; edukacja wczesnoszkolna, zaj\u0119cia korekcyjno-kompensacyjne<br \/>\n3. Ryszard Bry\u0142a &#8211; historia i spo\u0142ecze\u0144stwo, wychowanie fizyczne, edukacja dla bezpiecze\u0144stwa<br \/>\n4. Ewa Jeziorska &#8211; edukacja wczesnoszkolna, geografia, przyroda<br \/>\n5. Waldemar Jeziorski &#8211; j\u0119zyk polski, WOS<br \/>\n6. Urszula Rokita- edukacja wczesnoszkolna, zaj\u0119cia rewalidacyjne<br \/>\n7. Maria Kita &#8211; matematyka<br \/>\n8. Magdalena Ptak- religia<br \/>\n9. Monika Wojtan \u2013 Po\u017coga &#8211; j\u0119zyk angielski<\/p>\n<p style=\"margin: 0cm; line-height: 150%;\">10. Aleksandra Cheda &#8211; j\u0119zyk polski, logopedia<br \/>\n11. Jacek \u015aliwa &#8211; muzyka,<br \/>\n12. Sylwia Mr\u00f3z &#8211; j\u0119zyk angielski<br \/>\n13. Ma\u0142gorzata Mergalska\u00a0 &#8211; j\u0119zyk niemiecki<\/p>\n<p style=\"margin: 0cm; line-height: 150%;\">14.Agnieszka G\u0142uszek- biblioteka, WD\u017b<\/p>\n<p style=\"margin: 0cm; line-height: 150%;\">15. Milena Jab\u0142ko- wychowanie fizyczne<\/p>\n<p style=\"margin: 0cm; line-height: 150%;\">16.Barbara G\u0142owacka- fizyka<\/p>\n<p style=\"margin: 0cm; line-height: 150%;\">17.Monika Kosi\u00f3r- chemia<\/p>\n<p style=\"margin: 0cm; line-height: 150%;\">18. Mariusz W\u00f3jcicki- informatyka,\u00a0 geografia, biologia,<\/p>\n<p style=\"margin: 0cm; line-height: 150%;\">19.Ma\u0142gorzata Pytel &#8211; wychowanie przedszkolne, plastyka<\/p>\n<p style=\"margin: 0cm; line-height: 150%;\">20. Justyna Kozie\u0142 &#8211; wychowanie przedszkolne<\/p>\n<p style=\"margin: 0cm; line-height: 150%;\">21. Sylwia Stajniak &#8211; doradztwo zawodowe, pedagog specjalny, nauczyciel wsp\u00f3\u0142organizuj\u0105cy proces kszta\u0142cenia, sekretariat<\/p>\n<p style=\"margin: 0cm; line-height: 150%;\">22. Bogdan Fa\u0142ek &#8211; nauczyciel wsp\u00f3\u0142organizuj\u0105cy proces kszta\u0142cenia, nauczyciel rewalidator<\/p>\n<p style=\"margin: 0cm; line-height: 150%;\">23. Ewa S\u0142awek- wychowanie przedszkolne<\/p>\n<p style=\"margin: 0cm; line-height: 150%;\">24. Angelika Wi\u0119c\u0142aw \u2013 logopeda, nauczyciel wsp\u00f3\u0142organizuj\u0105cy proces kszta\u0142cenia<\/p>\n<p style=\"margin: 0cm; line-height: 150%;\">25. Ma\u0142gorzata J\u00f3\u017awik \u2013 psycholog<\/p>\n<p style=\"margin: 0cm; line-height: 150%;\">26. Ewa Koprowska \u2013 tyflopedagogika<\/p>\n<p><strong>Pracownicy obs\u0142ugi<\/strong><br \/>\n1. Iwona Kowalczyk- sprz\u0105taczka<br \/>\n2.Barbara Kowalczyk- sprz\u0105taczka<br \/>\n3. Pawe\u0142 Koszarski &#8211; konserwator<\/p>\n","protected":false},"excerpt":{"rendered":"<p>Kadra Publicznej Szko\u0142y Podstawowej w \u0141omnie Kadra nauczycielska 1. Joanna Lata\u0142a &#8211; dyrektor szko\u0142y, matematyka, plastyka, technika 2. Barbara Bry\u0142a &#8211; edukacja wczesnoszkolna, zaj\u0119cia korekcyjno-kompensacyjne 3. Ryszard Bry\u0142a &#8211; historia i spo\u0142ecze\u0144stwo, wychowanie fizyczne,&#46;&#46;&#46;<\/p>\n","protected":false},"author":2,"featured_media":0,"parent":0,"menu_order":0,"comment_status":"closed","ping_status":"open","template":"","meta":{"_expiration-date-status":"saved","_expiration-date":0,"_expiration-date-type":"","_expiration-date-categories":[],"_expiration-date-options":[]},"_links":{"self":[{"href":"https:\/\/splomno.ibip.info\/index.php?rest_route=\/wp\/v2\/pages\/42"}],"collection":[{"href":"https:\/\/splomno.ibip.info\/index.php?rest_route=\/wp\/v2\/pages"}],"about":[{"href":"https:\/\/splomno.ibip.info\/index.php?rest_route=\/wp\/v2\/types\/page"}],"author":[{"embeddable":true,"href":"https:\/\/splomno.ibip.info\/index.php?rest_route=\/wp\/v2\/users\/2"}],"replies":[{"embeddable":true,"href":"https:\/\/splomno.ibip.info\/index.php?rest_route=%2Fwp%2Fv2%2Fcomments&post=42"}],"version-history":[{"count":11,"href":"https:\/\/splomno.ibip.info\/index.php?rest_route=\/wp\/v2\/pages\/42\/revisions"}],"predecessor-version":[{"id":349,"href":"https:\/\/splomno.ibip.info\/index.php?rest_route=\/wp\/v2\/pages\/42\/revisions\/349"}],"wp:attachment":[{"href":"https:\/\/splomno.ibip.info\/index.php?rest_route=%2Fwp%2Fv2%2Fmedia&parent=42"}],"curies":[{"name":"wp","href":"https:\/\/api.w.org\/{rel}","templated":true}]}}