{"id":40,"date":"2014-03-13T16:09:55","date_gmt":"2014-03-13T16:09:55","guid":{"rendered":"http:\/\/splomno.ibip.info\/?page_id=40"},"modified":"2021-05-19T15:00:19","modified_gmt":"2021-05-19T13:00:19","slug":"organy-szkoly","status":"publish","type":"page","link":"https:\/\/splomno.ibip.info\/?page_id=40","title":{"rendered":"Organy szko\u0142y"},"content":{"rendered":"<p>Organami szko\u0142y zgodnie ze Statutem s\u0105:<br \/>\n1. Dyrektor szko\u0142y,<br \/>\n2. Rada Pedagogiczna,<br \/>\n3. Rada Rodzic\u00f3w,<br \/>\n4. Samorz\u0105d Uczniowski,<\/p>\n<p>Dyrektor szko\u0142y<br \/>\nmgr Joanna Lata\u0142a<\/p>\n<p>Rada Rodzic\u00f3w<br \/>\nrok szkolny 2019\/2020<br \/>\nPrzewodnicz\u0105cy: Monika Cie\u015bla<br \/>\nZast\u0119pca: Ewa Kucmin<br \/>\nSkarbnik: Gabriela Ga\u0142ek<br \/>\nSekretarz: Ma\u0142gorzata Banach<\/p>\n<p>Samorz\u0105d Uczniowski<br \/>\nrok szkolny 2019\/2020<br \/>\nPrzewodnicz\u0105ca:Julia Cie\u015bla<\/p>\n<p>Zast\u0119pca: B\u0142a\u017cej W\u00f3jcicki<\/p>\n<p>Sekretarz: Aleksandra \u0141y\u017cwa<\/p>\n<p>Skarbnik: Kinga \u015amigielska<\/p>\n<p>Opiekun Samorz\u0105du: Monika Wojtan-Po\u017coga, Aleksandra Piekarz<\/p>\n<p><strong>Rada Rodzic\u00f3w<\/strong><br \/>\n<strong>rok szkolny 2020\/2021<\/strong><br \/>\nPrzewodnicz\u0105cy: Izabela Kucharczyk<br \/>\nZast\u0119pca: Gabriela Ga\u0142ek<\/p>\n<p>Skarbnik:Katarzyna Jagie\u0142\u0142o<br \/>\nSekretarz: Ilona W\u00f3jcicka<\/p>\n<p><strong>Samorz\u0105d Uczniowski<\/strong><br \/>\n<strong>rok szkolny 2020\/2021<\/strong><br \/>\nPrzewodnicz\u0105ca:B\u0142a\u017cej W\u00f3jcicki<\/p>\n<p>Zast\u0119pca: Wiktoria B\u0142och<\/p>\n<p>Sekretarz: Wiktoria Linek<\/p>\n<p>Skarbnik: Wojciech Kubik<\/p>\n<p><strong>Opiekun Samorz\u0105du:<\/strong> Urszula Rokita , Agnieszka G\u0142uszek, Barbara G\u0142owacka<\/p>\n","protected":false},"excerpt":{"rendered":"<p>Organami szko\u0142y zgodnie ze Statutem s\u0105: 1. Dyrektor szko\u0142y, 2. Rada Pedagogiczna, 3. Rada Rodzic\u00f3w, 4. Samorz\u0105d Uczniowski, Dyrektor szko\u0142y mgr Joanna Lata\u0142a Rada Rodzic\u00f3w rok szkolny 2019\/2020 Przewodnicz\u0105cy: Monika Cie\u015bla Zast\u0119pca: Ewa Kucmin&#46;&#46;&#46;<\/p>\n","protected":false},"author":2,"featured_media":0,"parent":0,"menu_order":0,"comment_status":"closed","ping_status":"open","template":"","meta":{"_expiration-date-status":"saved","_expiration-date":0,"_expiration-date-type":"","_expiration-date-categories":[],"_expiration-date-options":[]},"_links":{"self":[{"href":"https:\/\/splomno.ibip.info\/index.php?rest_route=\/wp\/v2\/pages\/40"}],"collection":[{"href":"https:\/\/splomno.ibip.info\/index.php?rest_route=\/wp\/v2\/pages"}],"about":[{"href":"https:\/\/splomno.ibip.info\/index.php?rest_route=\/wp\/v2\/types\/page"}],"author":[{"embeddable":true,"href":"https:\/\/splomno.ibip.info\/index.php?rest_route=\/wp\/v2\/users\/2"}],"replies":[{"embeddable":true,"href":"https:\/\/splomno.ibip.info\/index.php?rest_route=%2Fwp%2Fv2%2Fcomments&post=40"}],"version-history":[{"count":6,"href":"https:\/\/splomno.ibip.info\/index.php?rest_route=\/wp\/v2\/pages\/40\/revisions"}],"predecessor-version":[{"id":312,"href":"https:\/\/splomno.ibip.info\/index.php?rest_route=\/wp\/v2\/pages\/40\/revisions\/312"}],"wp:attachment":[{"href":"https:\/\/splomno.ibip.info\/index.php?rest_route=%2Fwp%2Fv2%2Fmedia&parent=40"}],"curies":[{"name":"wp","href":"https:\/\/api.w.org\/{rel}","templated":true}]}}