{"id":36,"date":"2014-03-13T16:09:55","date_gmt":"2014-03-13T16:09:55","guid":{"rendered":"http:\/\/splomno.ibip.info\/?page_id=36"},"modified":"2023-11-13T09:24:35","modified_gmt":"2023-11-13T08:24:35","slug":"zasieg-terytorialny","status":"publish","type":"page","link":"https:\/\/splomno.ibip.info\/?page_id=36","title":{"rendered":"Zasi\u0119g terytorialny"},"content":{"rendered":"<p>Obw\u00f3d Publicznej Szko\u0142y Podstawowej w \u0141omnie obejmuje nast\u0119puj\u0105ce miejscowo\u015bci:<br \/>\n\u0141omno, Krajk\u00f3w , Grabk\u00f3w, Modrzewie &#8211; klasy I &#8211; VIII<\/p>\n","protected":false},"excerpt":{"rendered":"<p>Obw\u00f3d Publicznej Szko\u0142y Podstawowej w \u0141omnie obejmuje nast\u0119puj\u0105ce miejscowo\u015bci: \u0141omno, Krajk\u00f3w , Grabk\u00f3w, Modrzewie &#8211; klasy I &#8211; VIII<\/p>\n","protected":false},"author":2,"featured_media":0,"parent":0,"menu_order":0,"comment_status":"closed","ping_status":"open","template":"","meta":{"_expiration-date-status":"saved","_expiration-date":0,"_expiration-date-type":"","_expiration-date-categories":[],"_expiration-date-options":[]},"_links":{"self":[{"href":"https:\/\/splomno.ibip.info\/index.php?rest_route=\/wp\/v2\/pages\/36"}],"collection":[{"href":"https:\/\/splomno.ibip.info\/index.php?rest_route=\/wp\/v2\/pages"}],"about":[{"href":"https:\/\/splomno.ibip.info\/index.php?rest_route=\/wp\/v2\/types\/page"}],"author":[{"embeddable":true,"href":"https:\/\/splomno.ibip.info\/index.php?rest_route=\/wp\/v2\/users\/2"}],"replies":[{"embeddable":true,"href":"https:\/\/splomno.ibip.info\/index.php?rest_route=%2Fwp%2Fv2%2Fcomments&post=36"}],"version-history":[{"count":6,"href":"https:\/\/splomno.ibip.info\/index.php?rest_route=\/wp\/v2\/pages\/36\/revisions"}],"predecessor-version":[{"id":346,"href":"https:\/\/splomno.ibip.info\/index.php?rest_route=\/wp\/v2\/pages\/36\/revisions\/346"}],"wp:attachment":[{"href":"https:\/\/splomno.ibip.info\/index.php?rest_route=%2Fwp%2Fv2%2Fmedia&parent=36"}],"curies":[{"name":"wp","href":"https:\/\/api.w.org\/{rel}","templated":true}]}}