{"id":27,"date":"2014-03-13T16:09:55","date_gmt":"2014-03-13T16:09:55","guid":{"rendered":"http:\/\/splomno.ibip.info\/?page_id=27"},"modified":"2017-09-17T21:04:38","modified_gmt":"2017-09-17T19:04:38","slug":"start","status":"publish","type":"page","link":"https:\/\/splomno.ibip.info\/","title":{"rendered":"Start"},"content":{"rendered":"<p><a href=\"http:\/\/bip.gov.pl\"><img loading=\"lazy\" class=\"size-medium wp-image-111 aligncenter\" title=\"bip.gov.pl\" src=\"http:\/\/splomno.ibip.info\/wp-content\/uploads\/2014\/01\/bip_logo_pomn1_grad-300x106.jpg\" alt=\"bip.gov.pl\" width=\"300\" height=\"106\" srcset=\"https:\/\/splomno.ibip.info\/wp-content\/uploads\/2014\/01\/bip_logo_pomn1_grad-300x106.jpg 300w, https:\/\/splomno.ibip.info\/wp-content\/uploads\/2014\/01\/bip_logo_pomn1_grad-1024x363.jpg 1024w, https:\/\/splomno.ibip.info\/wp-content\/uploads\/2014\/01\/bip_logo_pomn1_grad.jpg 1095w\" sizes=\"(max-width: 300px) 100vw, 300px\" \/><\/a><\/p>\n<p style=\"text-align: center;\"><strong>Publiczna Szko\u0142a Podstawowa w \u0141omnie<\/strong><br \/>\n\u0141omno, 27-225 Paw\u0142\u00f3w<br \/>\n41 272 29 57<br \/>\n<a href=\"http:\/\/splomno.edupage.org\" target=\"_blank\">http:\/\/splomno.edupage.org<\/a><br \/>\ne-mail: <a href=\"mailto:splomno@wp.pl\" target=\"_blank\">splomno@wp.pl<\/a><\/p>\n","protected":false},"excerpt":{"rendered":"<p>Publiczna Szko\u0142a Podstawowa w \u0141omnie \u0141omno, 27-225 Paw\u0142\u00f3w 41 272 29 57 http:\/\/splomno.edupage.org e-mail: splomno@wp.pl<\/p>\n","protected":false},"author":2,"featured_media":0,"parent":0,"menu_order":0,"comment_status":"closed","ping_status":"open","template":"","meta":{"_expiration-date-status":"saved","_expiration-date":0,"_expiration-date-type":"","_expiration-date-categories":[],"_expiration-date-options":[]},"_links":{"self":[{"href":"https:\/\/splomno.ibip.info\/index.php?rest_route=\/wp\/v2\/pages\/27"}],"collection":[{"href":"https:\/\/splomno.ibip.info\/index.php?rest_route=\/wp\/v2\/pages"}],"about":[{"href":"https:\/\/splomno.ibip.info\/index.php?rest_route=\/wp\/v2\/types\/page"}],"author":[{"embeddable":true,"href":"https:\/\/splomno.ibip.info\/index.php?rest_route=\/wp\/v2\/users\/2"}],"replies":[{"embeddable":true,"href":"https:\/\/splomno.ibip.info\/index.php?rest_route=%2Fwp%2Fv2%2Fcomments&post=27"}],"version-history":[{"count":2,"href":"https:\/\/splomno.ibip.info\/index.php?rest_route=\/wp\/v2\/pages\/27\/revisions"}],"predecessor-version":[{"id":238,"href":"https:\/\/splomno.ibip.info\/index.php?rest_route=\/wp\/v2\/pages\/27\/revisions\/238"}],"wp:attachment":[{"href":"https:\/\/splomno.ibip.info\/index.php?rest_route=%2Fwp%2Fv2%2Fmedia&parent=27"}],"curies":[{"name":"wp","href":"https:\/\/api.w.org\/{rel}","templated":true}]}}