{"id":13,"date":"2014-03-13T16:09:55","date_gmt":"2014-03-13T16:09:55","guid":{"rendered":"http:\/\/splomno.ibip.info\/?page_id=13"},"modified":"2014-03-13T16:09:55","modified_gmt":"2014-03-13T16:09:55","slug":"instrukcja-obslugi","status":"publish","type":"page","link":"https:\/\/splomno.ibip.info\/?page_id=13","title":{"rendered":"Instrukcja obs\u0142ugi"},"content":{"rendered":"<p style=\"text-align: justify;\">Poruszanie si\u0119 po stronie Biuletynu Informacji Publicznej jest intuicyjne i nie odbiega od standard\u00f3w stosowanych na innych stronach internetowych. W celu u\u0142atwienia Pa\u0144stwu korzystania z serwisu prezentujemy poni\u017cej kilka istotnych informacji.<\/p>\n<p style=\"text-align: justify;\"><strong>Menu<\/strong><\/p>\n<p style=\"text-align: justify;\">Na stronie znajduj\u0105 si\u0119 menu tematyczne u\u0142atwiaj\u0105ce odszukiwanie interesuj\u0105cych nas informacji.<\/p>\n<p style=\"text-align: justify;\">Na samej g\u00f3rze znajduje si\u0119 <strong>menu techniczne<\/strong> zawieraj\u0105ce informacje: odno\u015bnik do g\u0142\u00f3wnej strony serwisu, odno\u015bnik do niniejszej instrukcji obs\u0142ugi, zbi\u00f3r obowi\u0105zuj\u0105cych przepis\u00f3w prawa dot. Biuletynu Informacji Publicznej, przydane pliki do pobrania, polityk\u0119 prywatno\u015bci serwisu, informacj\u0119 o osobach zajmuj\u0105cych si\u0119 redakcj\u0105 serwisu oraz rejestr zmian. Powt\u00f3rzenie menu tematycznego znajduje si\u0119 na samym dole strony (w stopce).<\/p>\n<p style=\"text-align: justify;\">Poni\u017cej oraz z lewej strony serwisu znajduje si\u0119 <strong>menu tematyczne<\/strong> zawieraj\u0105ce odno\u015bniki do wszystkich udost\u0119pnionych w serwisie informacji publicznych.<\/p>\n<p style=\"text-align: justify;\"><strong>Modu\u0142 wyszukiwania<\/strong><\/p>\n<p style=\"text-align: justify;\">Na stronie zaimplementowane zosta\u0142y mechanizmy wspomagaj\u0105ce proces wyszukiwania informacji na stronie Biuletynu Informacji Publicznej. Wyszukiwarka znajduje si\u0119 w prawym g\u00f3rnym rogu strony (pod przyciskiem lupy) oraz z lewej strony nad menu tematycznym. Aby wyszuka\u0107 informacje wystarczy wpisa\u0107 poszukiwan\u0105 fraz\u0119 i nacisn\u0105\u0107 klawisz ENTER. Wyniki wyszukiwania zostan\u0105 wy\u015bwietlone na kolejnej stronie.<\/p>\n<p style=\"text-align: justify;\"><strong>U\u0142atwienia dla os\u00f3b niepe\u0142nosprawnych<\/strong><\/p>\n<p style=\"text-align: justify;\">Z lewej strony serwisu znajduj\u0105 si\u0119 dwa przyciski umo\u017cliwiaj\u0105ce przegl\u0105danie strony osobom niepe\u0142nosprawnym. Jeden z nich powoduje prze\u0142\u0105czenie strony w tryb wysokiego kontrastu, drugi za\u015b daje mo\u017cliwo\u015b\u0107 powi\u0119kszenia wy\u015bwietlanego tekstu.<\/p>\n<p style=\"text-align: justify;\">\n","protected":false},"excerpt":{"rendered":"<p>Poruszanie si\u0119 po stronie Biuletynu Informacji Publicznej jest intuicyjne i nie odbiega od standard\u00f3w stosowanych na innych stronach internetowych. W celu u\u0142atwienia Pa\u0144stwu korzystania z serwisu prezentujemy poni\u017cej kilka istotnych informacji. Menu Na stronie&#46;&#46;&#46;<\/p>\n","protected":false},"author":2,"featured_media":0,"parent":0,"menu_order":0,"comment_status":"closed","ping_status":"open","template":"","meta":{"_expiration-date-status":"saved","_expiration-date":0,"_expiration-date-type":"","_expiration-date-categories":[],"_expiration-date-options":[]},"_links":{"self":[{"href":"https:\/\/splomno.ibip.info\/index.php?rest_route=\/wp\/v2\/pages\/13"}],"collection":[{"href":"https:\/\/splomno.ibip.info\/index.php?rest_route=\/wp\/v2\/pages"}],"about":[{"href":"https:\/\/splomno.ibip.info\/index.php?rest_route=\/wp\/v2\/types\/page"}],"author":[{"embeddable":true,"href":"https:\/\/splomno.ibip.info\/index.php?rest_route=\/wp\/v2\/users\/2"}],"replies":[{"embeddable":true,"href":"https:\/\/splomno.ibip.info\/index.php?rest_route=%2Fwp%2Fv2%2Fcomments&post=13"}],"version-history":[{"count":0,"href":"https:\/\/splomno.ibip.info\/index.php?rest_route=\/wp\/v2\/pages\/13\/revisions"}],"wp:attachment":[{"href":"https:\/\/splomno.ibip.info\/index.php?rest_route=%2Fwp%2Fv2%2Fmedia&parent=13"}],"curies":[{"name":"wp","href":"https:\/\/api.w.org\/{rel}","templated":true}]}}